{"id":1827,"date":"2019-06-25T15:40:11","date_gmt":"2019-06-25T20:40:11","guid":{"rendered":"https:\/\/cityconnectioncafe.com\/?page_id=1827"},"modified":"2025-07-20T10:02:48","modified_gmt":"2025-07-20T15:02:48","slug":"online-menu","status":"publish","type":"page","link":"https:\/\/cityconnectioncafe.com\/?page_id=1827","title":{"rendered":"Online Menu"},"content":{"rendered":"<section class=\"bde-section-1827-100 bde-section\">\n  \n  \n\t\n\n\n\n<div class=\"section-container\"><img decoding=\"async\" class=\"bde-image2-1827-101 bde-image2\" src=\"https:\/\/cityconnectioncafe.com\/wp-content\/uploads\/2025\/07\/CIT-CONNECTION-LOGO-466px.jpg\" loading=\"lazy\" srcset=\"https:\/\/cityconnectioncafe.com\/wp-content\/uploads\/2025\/07\/CIT-CONNECTION-LOGO-466px.jpg 466w, https:\/\/cityconnectioncafe.com\/wp-content\/uploads\/2025\/07\/CIT-CONNECTION-LOGO-466px-242x300.jpg 242w\" sizes=\"(max-width: 466px) 100vw, 466px\" data-entrance=\"slideLeft\"><div class=\"bde-div-1827-102 bde-div\" data-entrance=\"slideUp\">\n  \n  \n\t\n\n\n\n<div class=\"bde-rich-text-1827-103 bde-rich-text breakdance-rich-text-styles\">\n<h1 class=\"p1\">Check out our full menu<\/h1>\n<\/div>\n<\/div><\/div>\n<\/section><section class=\"bde-section-1827-104 bde-section\">\n  \n  \n\t\n\n\n\n<div class=\"section-container\"><div class=\"bde-columns-1827-117 bde-columns\" data-entrance=\"zoomOut\"><div class=\"bde-column-1827-118 bde-column\">\n              \n  \n  \n\t\n\n\n\n<div class=\"bde-rich-text-1827-121 bde-rich-text breakdance-rich-text-styles\">\n<p class=\"p1\"><strong>Regular Coffee<\/strong><br \/>Coffee of the Day<br \/>Caf\u00e9 Au Lait<\/p><p class=\"p1\"><strong>Espresso Shots<\/strong><br \/>Espresso<br \/>Macchiato<br \/>Con Panna<\/p><p class=\"p1\"><strong>Hot Chocolate<\/strong><br \/>Espresso Coffee (Hot or Cold)<br \/>Caf\u00e9 Americano Green Tea Latte<br \/>Caf\u00e9 Breve<br \/>Caramel Macchiato<br \/>Caf\u00e9 Latte<br \/>Butter Toffee Latte<br \/>Cappuccino<br \/>Mocha Mint Latte<br \/>Chai Latte<br \/>Chocolate Mocha<br \/>Vanilla Late<br \/>Dolce Latte<\/p><p class=\"p1\"><strong>Hot Teas<\/strong><br \/>Sweet Ginger Peach<br \/>Earl Grey Lavender<br \/>Black Tea<br \/>Bombay Chai<br \/>Tropical Green Tea<br \/>Chai<br \/>Italian Sodas*<br \/>Strawberry<br \/>Coconut<br \/>Peach<br \/>Mango<br \/>Raspberry<br \/>Ginger<br \/>Cream<\/p>\n<\/div>\n<\/div><div class=\"bde-column-1827-124 bde-column\">\n              \n  \n  \n\t\n\n\n\n<div class=\"bde-rich-text-1827-122 bde-rich-text breakdance-rich-text-styles\">\n<p class=\"p1\"><strong>*Some are Available in Sugar-Free<\/strong><\/p><h3 class=\"p1\"><strong>Cold Teas<\/strong><\/h3><p class=\"p1\">Traditional Black Tea<br \/>Blackberry Jasmine<br \/>Hibiscus Raspberry<br \/>Passion Fruit<\/p><h3 class=\"p1\">Frappuccino<\/h3><p class=\"p1\">(Blended Coffee)<br \/>Coffee<br \/>French Vanilla<br \/>Caramel<br \/>White Mocha<br \/>White Mocha Banana<br \/>Chai<br \/>Green Tea<br \/>Butter Pecan<br \/>Vanilla Bean<\/p><h3 class=\"p1\">Fruit Smoothies (100%)<\/h3><p class=\"p1\">Strawberry<br \/>Mango<br \/>Just Peachy<br \/>Strawberry\/Banana<br \/>Wild Berry<br \/>Pi\u00f1a Colada<br \/>Green Apple<\/p>\n<\/div>\n<\/div><div class=\"bde-column-1827-126 bde-column\">\n              \n  \n  \n\t\n\n\n\n<div class=\"bde-rich-text-1827-123 bde-rich-text breakdance-rich-text-styles\">\n<h3 class=\"p1\">Pastries &amp; Chips<\/h3><p class=\"p1\">Bagels<br \/>Muffins<br \/>Toffee Crunch<br \/>Oatmeal Cookie<br \/>Chocolate Chip Cookie<br \/>Cakes<br \/>Biscotti<br \/>Danish<br \/>Bas<br \/>Granola Bars<br \/>Brownies<br \/>Peanut Butter Cookie<\/p><h3 class=\"p1\">Extras<\/h3><p class=\"p1\">Espresso Shots<br \/>Syrups<br \/>Protein<br \/>Whipped Cream<br \/>Soy\/Coconut\/Almond Milk<\/p>\n<\/div>\n<\/div><\/div><\/div>\n<\/section><section class=\"bde-section-1827-111 bde-section\">\n  \n  \n\t\n\n\n\n<div class=\"section-container\"><div class=\"bde-columns-1827-112 bde-columns\"><div class=\"bde-column-1827-113 bde-column\">\n  \n  \n\t\n\n\n\n<img decoding=\"async\" class=\"bde-image2-1827-114 bde-image2\" src=\"https:\/\/cityconnectioncafe.com\/wp-content\/uploads\/2019\/02\/Now-Hiring.jpg\" loading=\"lazy\">\n<\/div><div class=\"bde-column-1827-115 bde-column\">\n  \n  \n\t\n\n\n\n<div class=\"bde-rich-text-1827-116 bde-rich-text breakdance-rich-text-styles\">\n<h2 class=\"p1\">Employment Opportunities<\/h2>\n<\/div><div class=\"bde-button-1827-129 bde-button\">\n    \n                                    \n    \n    \n    \n    \n            \n                    \n            \n            \n\n    \n    \n    \n    \n    \n    <a class=\"breakdance-link button-atom button-atom--primary bde-button__button\" href=\"https:\/\/form.jotform.com\/203194647956063\" target=\"_blank\" data-type=\"url\"  >\n\n    \n        <span class=\"button-atom__text\">Apply Now!<\/span>\n\n        \n        \n                <\/a>\n\n    \n\n\n<\/div><div class=\"bde-rich-text-1827-128 bde-rich-text breakdance-rich-text-styles\">\n<p class=\"p1\">Free WiFi | Open 7 days a week!<br \/>27131 Hanna Rd. (The Woodlands)<br \/>Monday - Friday: 8:30a-1p <span class=\"Apple-converted-space\">\u00a0 <\/span>| <span class=\"Apple-converted-space\">\u00a0 <\/span>Saturday &amp; Sunday: 10a-1p<\/p><h4 class=\"p1\">\u201cHouston Coming Soon\u201d<\/h4>\n<\/div>\n<\/div><\/div><\/div>\n<\/section>","protected":false},"excerpt":{"rendered":"<p>Check out our full menu Regular CoffeeCoffee of the DayCaf\u00e9 Au LaitEspresso ShotsEspressoMacchiatoCon PannaHot ChocolateEspresso Coffee (Hot or Cold)Caf\u00e9 Americano Green Tea LatteCaf\u00e9 BreveCaramel MacchiatoCaf\u00e9 LatteButter Toffee LatteCappuccinoMocha Mint LatteChai LatteChocolate MochaVanilla LateDolce LatteHot TeasSweet Ginger PeachEarl Grey LavenderBlack TeaBombay ChaiTropical Green TeaChaiItalian Sodas*StrawberryCoconutPeachMangoRaspberryGingerCream *Some are Available in Sugar-FreeCold TeasTraditional Black TeaBlackberry JasmineHibiscus RaspberryPassion FruitFrappuccino(Blended [&hellip;]<\/p>\n","protected":false},"author":1,"featured_media":0,"parent":0,"menu_order":0,"comment_status":"closed","ping_status":"closed","template":"","meta":{"_breakdance_hide_in_design_set":false,"_breakdance_tags":"","footnotes":""},"class_list":["post-1827","page","type-page","status-publish","hentry"],"_links":{"self":[{"href":"https:\/\/cityconnectioncafe.com\/index.php?rest_route=\/wp\/v2\/pages\/1827","targetHints":{"allow":["GET"]}}],"collection":[{"href":"https:\/\/cityconnectioncafe.com\/index.php?rest_route=\/wp\/v2\/pages"}],"about":[{"href":"https:\/\/cityconnectioncafe.com\/index.php?rest_route=\/wp\/v2\/types\/page"}],"author":[{"embeddable":true,"href":"https:\/\/cityconnectioncafe.com\/index.php?rest_route=\/wp\/v2\/users\/1"}],"replies":[{"embeddable":true,"href":"https:\/\/cityconnectioncafe.com\/index.php?rest_route=%2Fwp%2Fv2%2Fcomments&post=1827"}],"version-history":[{"count":19,"href":"https:\/\/cityconnectioncafe.com\/index.php?rest_route=\/wp\/v2\/pages\/1827\/revisions"}],"predecessor-version":[{"id":1974,"href":"https:\/\/cityconnectioncafe.com\/index.php?rest_route=\/wp\/v2\/pages\/1827\/revisions\/1974"}],"wp:attachment":[{"href":"https:\/\/cityconnectioncafe.com\/index.php?rest_route=%2Fwp%2Fv2%2Fmedia&parent=1827"}],"curies":[{"name":"wp","href":"https:\/\/api.w.org\/{rel}","templated":true}]}}